{"id":28,"date":"2024-02-21T08:25:55","date_gmt":"2024-02-21T08:25:55","guid":{"rendered":"https:\/\/dev.asc-skg.at\/?page_id=28"},"modified":"2024-02-21T18:24:07","modified_gmt":"2024-02-21T18:24:07","slug":"unser-gelaende","status":"publish","type":"page","link":"https:\/\/www.asc-skg.at\/index.php\/unser-gelaende\/","title":{"rendered":"Unser Gel\u00e4nde"},"content":{"rendered":"\n<div class=\"wp-block-group alignfull has-accent-background-color has-background has-global-padding is-layout-constrained wp-container-core-group-is-layout-669513ed wp-block-group-is-layout-constrained\" style=\"margin-top:0;margin-bottom:0;padding-top:var(--wp--preset--spacing--50);padding-right:var(--wp--preset--spacing--50);padding-bottom:var(--wp--preset--spacing--50);padding-left:var(--wp--preset--spacing--50)\">\n<div class=\"wp-block-columns alignwide is-layout-flex wp-container-core-columns-is-layout-1da03c2a wp-block-columns-is-layout-flex\">\n<div class=\"wp-block-column is-vertically-aligned-stretch is-layout-flow wp-block-column-is-layout-flow\" style=\"flex-basis:50%\">\n<div class=\"wp-block-group is-vertical is-content-justification-stretch is-layout-flex wp-container-core-group-is-layout-444d5ee8 wp-block-group-is-layout-flex\" style=\"min-height:100%\">\n<p class=\"has-heading-font-family has-x-large-font-size\" style=\"line-height:1.2\">Die Schottergrube<\/p>\n\n\n\n<div class=\"wp-block-group has-global-padding is-content-justification-left is-layout-constrained wp-container-core-group-is-layout-9fe8ed88 wp-block-group-is-layout-constrained\">\n<p class=\"has-medium-font-size wp-container-content-0733e5d0\">Wenn man die Natur wahrhaft&nbsp;liebt, so findet man es \u00fcberall&nbsp;sch\u00f6n.<\/p>\n\n\n\n<div class=\"wp-block-buttons is-layout-flex wp-block-buttons-is-layout-flex\">\n<div class=\"wp-block-button\"><a class=\"wp-block-button__link wp-element-button\" href=\"https:\/\/www.asc-skg.at\/index.php\/ueber-uns\/\">\u00dcber uns<\/a><\/div>\n<\/div>\n<\/div>\n<\/div>\n<\/div>\n\n\n\n<div class=\"wp-block-column is-vertically-aligned-center is-layout-flow wp-block-column-is-layout-flow\" style=\"flex-basis:50%\">\n<figure class=\"wp-block-image size-large is-resized is-style-rounded wp-duotone-duotone-2 is-style-rounded--1\"><img data-recalc-dims=\"1\" loading=\"lazy\" decoding=\"async\" width=\"1266\" height=\"2250\" data-attachment-id=\"293\" data-permalink=\"https:\/\/www.asc-skg.at\/dcim100mediadji_0069-jpg-2\/\" data-orig-file=\"https:\/\/i0.wp.com\/www.asc-skg.at\/wp-content\/uploads\/2024\/02\/DJI_0069-edited.jpg?fit=1266%2C2250&amp;ssl=1\" data-orig-size=\"1266,2250\" data-comments-opened=\"1\" data-image-meta=\"{&quot;aperture&quot;:&quot;2.2&quot;,&quot;credit&quot;:&quot;&quot;,&quot;camera&quot;:&quot;FC220&quot;,&quot;caption&quot;:&quot;DCIM100MEDIADJI_0069.JPG&quot;,&quot;created_timestamp&quot;:&quot;1571309914&quot;,&quot;copyright&quot;:&quot;&quot;,&quot;focal_length&quot;:&quot;4.73&quot;,&quot;iso&quot;:&quot;100&quot;,&quot;shutter_speed&quot;:&quot;0.00174&quot;,&quot;title&quot;:&quot;DCIM100MEDIADJI_0069.JPG&quot;,&quot;orientation&quot;:&quot;1&quot;}\" data-image-title=\"DCIM\\100MEDIA\\DJI_0069.JPG\" data-image-description=\"\" data-image-caption=\"&lt;p&gt;DCIM\\100MEDIA\\DJI_0069.JPG&lt;\/p&gt;\n\" data-medium-file=\"https:\/\/i0.wp.com\/www.asc-skg.at\/wp-content\/uploads\/2024\/02\/DJI_0069-edited.jpg?fit=169%2C300&amp;ssl=1\" data-large-file=\"https:\/\/i0.wp.com\/www.asc-skg.at\/wp-content\/uploads\/2024\/02\/DJI_0069-edited.jpg?fit=576%2C1024&amp;ssl=1\" src=\"https:\/\/i0.wp.com\/www.asc-skg.at\/wp-content\/uploads\/2024\/02\/DJI_0069-edited.jpg?resize=1266%2C2250&#038;ssl=1\" alt=\"\" class=\"wp-image-293\" style=\"aspect-ratio:0.75;object-fit:cover;width:433px;height:auto\" srcset=\"https:\/\/i0.wp.com\/www.asc-skg.at\/wp-content\/uploads\/2024\/02\/DJI_0069-edited.jpg?w=1266&amp;ssl=1 1266w, https:\/\/i0.wp.com\/www.asc-skg.at\/wp-content\/uploads\/2024\/02\/DJI_0069-edited.jpg?resize=169%2C300&amp;ssl=1 169w, https:\/\/i0.wp.com\/www.asc-skg.at\/wp-content\/uploads\/2024\/02\/DJI_0069-edited.jpg?resize=576%2C1024&amp;ssl=1 576w, https:\/\/i0.wp.com\/www.asc-skg.at\/wp-content\/uploads\/2024\/02\/DJI_0069-edited.jpg?resize=768%2C1365&amp;ssl=1 768w, https:\/\/i0.wp.com\/www.asc-skg.at\/wp-content\/uploads\/2024\/02\/DJI_0069-edited.jpg?resize=864%2C1536&amp;ssl=1 864w, https:\/\/i0.wp.com\/www.asc-skg.at\/wp-content\/uploads\/2024\/02\/DJI_0069-edited.jpg?resize=1152%2C2048&amp;ssl=1 1152w\" sizes=\"auto, (max-width: 1000px) 100vw, 1000px\" \/><\/figure>\n<\/div>\n<\/div>\n<\/div>\n\n\n\n<div class=\"wp-block-group alignfull has-global-padding is-layout-constrained wp-container-core-group-is-layout-490fa1db wp-block-group-is-layout-constrained\" style=\"padding-top:var(--wp--preset--spacing--50);padding-right:var(--wp--preset--spacing--50);padding-bottom:var(--wp--preset--spacing--50);padding-left:var(--wp--preset--spacing--50)\">\n<div style=\"height:var(--wp--preset--spacing--30)\" aria-hidden=\"true\" class=\"wp-block-spacer\"><\/div>\n\n\n\n<figure class=\"wp-block-image alignwide size-full is-style-rounded is-style-rounded--2\"><img data-recalc-dims=\"1\" loading=\"lazy\" decoding=\"async\" width=\"2560\" height=\"1440\" data-attachment-id=\"36\" data-permalink=\"https:\/\/www.asc-skg.at\/index.php\/unser-gelaende\/dcim100mediadji_0066-jpg\/\" data-orig-file=\"https:\/\/i0.wp.com\/www.asc-skg.at\/wp-content\/uploads\/2024\/02\/DJI_0066-scaled.jpg?fit=2560%2C1440&amp;ssl=1\" data-orig-size=\"2560,1440\" data-comments-opened=\"1\" data-image-meta=\"{&quot;aperture&quot;:&quot;2.2&quot;,&quot;credit&quot;:&quot;&quot;,&quot;camera&quot;:&quot;FC220&quot;,&quot;caption&quot;:&quot;DCIM100MEDIADJI_0066.JPG&quot;,&quot;created_timestamp&quot;:&quot;1571309660&quot;,&quot;copyright&quot;:&quot;&quot;,&quot;focal_length&quot;:&quot;4.73&quot;,&quot;iso&quot;:&quot;100&quot;,&quot;shutter_speed&quot;:&quot;0.000768&quot;,&quot;title&quot;:&quot;DCIM100MEDIADJI_0066.JPG&quot;,&quot;orientation&quot;:&quot;1&quot;}\" data-image-title=\"\" data-image-description=\"\" data-image-caption=\"\" data-medium-file=\"https:\/\/i0.wp.com\/www.asc-skg.at\/wp-content\/uploads\/2024\/02\/DJI_0066-scaled.jpg?fit=300%2C169&amp;ssl=1\" data-large-file=\"https:\/\/i0.wp.com\/www.asc-skg.at\/wp-content\/uploads\/2024\/02\/DJI_0066-scaled.jpg?fit=1024%2C576&amp;ssl=1\" src=\"https:\/\/i0.wp.com\/www.asc-skg.at\/wp-content\/uploads\/2024\/02\/DJI_0066-scaled.jpg?resize=2560%2C1440&#038;ssl=1\" alt=\"\" class=\"wp-image-36\" srcset=\"https:\/\/i0.wp.com\/www.asc-skg.at\/wp-content\/uploads\/2024\/02\/DJI_0066-scaled.jpg?w=2560&amp;ssl=1 2560w, https:\/\/i0.wp.com\/www.asc-skg.at\/wp-content\/uploads\/2024\/02\/DJI_0066-scaled.jpg?resize=300%2C169&amp;ssl=1 300w, https:\/\/i0.wp.com\/www.asc-skg.at\/wp-content\/uploads\/2024\/02\/DJI_0066-scaled.jpg?resize=1024%2C576&amp;ssl=1 1024w, https:\/\/i0.wp.com\/www.asc-skg.at\/wp-content\/uploads\/2024\/02\/DJI_0066-scaled.jpg?resize=768%2C432&amp;ssl=1 768w, https:\/\/i0.wp.com\/www.asc-skg.at\/wp-content\/uploads\/2024\/02\/DJI_0066-scaled.jpg?resize=1536%2C864&amp;ssl=1 1536w, https:\/\/i0.wp.com\/www.asc-skg.at\/wp-content\/uploads\/2024\/02\/DJI_0066-scaled.jpg?resize=2048%2C1152&amp;ssl=1 2048w\" sizes=\"auto, (max-width: 1000px) 100vw, 1000px\" \/><\/figure>\n<\/div>\n\n\n\n<div class=\"wp-block-group alignfull has-accent-5-background-color has-background has-global-padding is-layout-constrained wp-container-core-group-is-layout-669513ed wp-block-group-is-layout-constrained\" style=\"margin-top:0;margin-bottom:0;padding-top:var(--wp--preset--spacing--50);padding-right:var(--wp--preset--spacing--50);padding-bottom:var(--wp--preset--spacing--50);padding-left:var(--wp--preset--spacing--50)\">\n<div class=\"wp-block-group is-vertical is-content-justification-center is-layout-flex wp-container-core-group-is-layout-52b864f0 wp-block-group-is-layout-flex\">\n<h2 class=\"wp-block-heading has-text-align-center is-style-asterisk\">Die Schottergrube<\/h2>\n\n\n\n<div style=\"height:0px\" aria-hidden=\"true\" class=\"wp-block-spacer wp-container-content-4f2ccadb\"><\/div>\n\n\n\n<p class=\"has-text-align-center\">In einem Kiestagebau erfolgt der Abbau von lockerem Sediment, um Sand und Kies als nat\u00fcrliche Gesteinsk\u00f6rnung zu gewinnen. Ein Kiestagebau wird auch als Kiesgrube oder Kieswerk bezeichnet. \u00c4hnlich wie in einem Schotterwerk wird das gewonnene Material ganz \u00fcberwiegend als Baustoff verwendet.<\/p>\n<\/div>\n<\/div>\n\n\n\n<div class=\"wp-block-group alignfull has-global-padding is-layout-constrained wp-container-core-group-is-layout-d89aad35 wp-block-group-is-layout-constrained\" style=\"margin-top:0;margin-bottom:0;padding-top:var(--wp--preset--spacing--50);padding-right:var(--wp--preset--spacing--50);padding-bottom:var(--wp--preset--spacing--50);padding-left:var(--wp--preset--spacing--50)\">\n<div class=\"wp-block-group alignwide has-global-padding is-layout-constrained wp-container-core-group-is-layout-19e250f3 wp-block-group-is-layout-constrained\">\n<div class=\"wp-block-group is-vertical is-content-justification-center is-layout-flex wp-container-core-group-is-layout-6329a8f3 wp-block-group-is-layout-flex\">\n<h2 class=\"wp-block-heading has-text-align-center is-style-asterisk\">Eine Reihe von Impressionen<\/h2>\n<\/div>\n\n\n\n<div style=\"height:var(--wp--preset--spacing--40)\" aria-hidden=\"true\" class=\"wp-block-spacer\"><\/div>\n\n\n\n<div class=\"wp-block-columns alignwide is-layout-flex wp-container-core-columns-is-layout-d1c656ed wp-block-columns-is-layout-flex\">\n<div class=\"wp-block-column is-vertically-aligned-center is-layout-flow wp-block-column-is-layout-flow\" style=\"flex-basis:40%\">\n<p class=\"is-style-asterisk has-medium-font-size\">Frankenburg<\/p>\n\n\n\n<p>Frankenburg am Hausruck ist eine Marktgemeinde in Ober\u00f6sterreich im Bezirk V\u00f6cklabruck im Hausruckviertel mit 5202 Einwohnern.<\/p>\n<\/div>\n\n\n\n<div class=\"wp-block-column is-layout-flow wp-block-column-is-layout-flow\" style=\"flex-basis:50%\">\n<figure class=\"wp-block-image size-large is-style-rounded is-style-rounded--3\"><img data-recalc-dims=\"1\" loading=\"lazy\" decoding=\"async\" width=\"1024\" height=\"576\" data-attachment-id=\"36\" data-permalink=\"https:\/\/www.asc-skg.at\/index.php\/unser-gelaende\/dcim100mediadji_0066-jpg\/\" data-orig-file=\"https:\/\/i0.wp.com\/www.asc-skg.at\/wp-content\/uploads\/2024\/02\/DJI_0066-scaled.jpg?fit=2560%2C1440&amp;ssl=1\" data-orig-size=\"2560,1440\" data-comments-opened=\"1\" data-image-meta=\"{&quot;aperture&quot;:&quot;2.2&quot;,&quot;credit&quot;:&quot;&quot;,&quot;camera&quot;:&quot;FC220&quot;,&quot;caption&quot;:&quot;DCIM100MEDIADJI_0066.JPG&quot;,&quot;created_timestamp&quot;:&quot;1571309660&quot;,&quot;copyright&quot;:&quot;&quot;,&quot;focal_length&quot;:&quot;4.73&quot;,&quot;iso&quot;:&quot;100&quot;,&quot;shutter_speed&quot;:&quot;0.000768&quot;,&quot;title&quot;:&quot;DCIM100MEDIADJI_0066.JPG&quot;,&quot;orientation&quot;:&quot;1&quot;}\" data-image-title=\"\" data-image-description=\"\" data-image-caption=\"\" data-medium-file=\"https:\/\/i0.wp.com\/www.asc-skg.at\/wp-content\/uploads\/2024\/02\/DJI_0066-scaled.jpg?fit=300%2C169&amp;ssl=1\" data-large-file=\"https:\/\/i0.wp.com\/www.asc-skg.at\/wp-content\/uploads\/2024\/02\/DJI_0066-scaled.jpg?fit=1024%2C576&amp;ssl=1\" src=\"https:\/\/i0.wp.com\/www.asc-skg.at\/wp-content\/uploads\/2024\/02\/DJI_0066.jpg?resize=1024%2C576&#038;ssl=1\" alt=\"\" class=\"wp-image-36\" srcset=\"https:\/\/i0.wp.com\/www.asc-skg.at\/wp-content\/uploads\/2024\/02\/DJI_0066-scaled.jpg?resize=1024%2C576&amp;ssl=1 1024w, https:\/\/i0.wp.com\/www.asc-skg.at\/wp-content\/uploads\/2024\/02\/DJI_0066-scaled.jpg?resize=300%2C169&amp;ssl=1 300w, https:\/\/i0.wp.com\/www.asc-skg.at\/wp-content\/uploads\/2024\/02\/DJI_0066-scaled.jpg?resize=768%2C432&amp;ssl=1 768w, https:\/\/i0.wp.com\/www.asc-skg.at\/wp-content\/uploads\/2024\/02\/DJI_0066-scaled.jpg?resize=1536%2C864&amp;ssl=1 1536w, https:\/\/i0.wp.com\/www.asc-skg.at\/wp-content\/uploads\/2024\/02\/DJI_0066-scaled.jpg?resize=2048%2C1152&amp;ssl=1 2048w\" sizes=\"auto, (max-width: 1000px) 100vw, 1000px\" \/><\/figure>\n<\/div>\n<\/div>\n\n\n\n<div style=\"height:var(--wp--preset--spacing--40)\" aria-hidden=\"true\" class=\"wp-block-spacer\"><\/div>\n\n\n\n<div class=\"wp-block-columns alignwide is-layout-flex wp-container-core-columns-is-layout-d1c656ed wp-block-columns-is-layout-flex\">\n<div class=\"wp-block-column is-layout-flow wp-block-column-is-layout-flow\" style=\"flex-basis:50%\">\n<figure class=\"wp-block-image size-large is-style-rounded is-style-rounded--4\"><img data-recalc-dims=\"1\" loading=\"lazy\" decoding=\"async\" width=\"1024\" height=\"576\" data-attachment-id=\"26\" data-permalink=\"https:\/\/www.asc-skg.at\/dcim100mediadji_0069-jpg\/\" data-orig-file=\"https:\/\/i0.wp.com\/www.asc-skg.at\/wp-content\/uploads\/2024\/02\/DJI_0069-scaled.jpg?fit=2560%2C1440&amp;ssl=1\" data-orig-size=\"2560,1440\" data-comments-opened=\"1\" data-image-meta=\"{&quot;aperture&quot;:&quot;2.2&quot;,&quot;credit&quot;:&quot;&quot;,&quot;camera&quot;:&quot;FC220&quot;,&quot;caption&quot;:&quot;DCIM100MEDIADJI_0069.JPG&quot;,&quot;created_timestamp&quot;:&quot;1571309914&quot;,&quot;copyright&quot;:&quot;&quot;,&quot;focal_length&quot;:&quot;4.73&quot;,&quot;iso&quot;:&quot;100&quot;,&quot;shutter_speed&quot;:&quot;0.00174&quot;,&quot;title&quot;:&quot;DCIM100MEDIADJI_0069.JPG&quot;,&quot;orientation&quot;:&quot;1&quot;}\" data-image-title=\"DCIM\\100MEDIA\\DJI_0069.JPG\" data-image-description=\"\" data-image-caption=\"&lt;p&gt;DCIM\\100MEDIA\\DJI_0069.JPG&lt;\/p&gt;\n\" data-medium-file=\"https:\/\/i0.wp.com\/www.asc-skg.at\/wp-content\/uploads\/2024\/02\/DJI_0069-scaled.jpg?fit=300%2C169&amp;ssl=1\" data-large-file=\"https:\/\/i0.wp.com\/www.asc-skg.at\/wp-content\/uploads\/2024\/02\/DJI_0069-scaled.jpg?fit=1024%2C576&amp;ssl=1\" src=\"https:\/\/i0.wp.com\/www.asc-skg.at\/wp-content\/uploads\/2024\/02\/DJI_0069.jpg?resize=1024%2C576&#038;ssl=1\" alt=\"\" class=\"wp-image-26\" srcset=\"https:\/\/i0.wp.com\/www.asc-skg.at\/wp-content\/uploads\/2024\/02\/DJI_0069-scaled.jpg?resize=1024%2C576&amp;ssl=1 1024w, https:\/\/i0.wp.com\/www.asc-skg.at\/wp-content\/uploads\/2024\/02\/DJI_0069-scaled.jpg?resize=300%2C169&amp;ssl=1 300w, https:\/\/i0.wp.com\/www.asc-skg.at\/wp-content\/uploads\/2024\/02\/DJI_0069-scaled.jpg?resize=768%2C432&amp;ssl=1 768w, https:\/\/i0.wp.com\/www.asc-skg.at\/wp-content\/uploads\/2024\/02\/DJI_0069-scaled.jpg?resize=1536%2C864&amp;ssl=1 1536w, https:\/\/i0.wp.com\/www.asc-skg.at\/wp-content\/uploads\/2024\/02\/DJI_0069-scaled.jpg?resize=2048%2C1152&amp;ssl=1 2048w\" sizes=\"auto, (max-width: 1000px) 100vw, 1000px\" \/><\/figure>\n<\/div>\n\n\n\n<div class=\"wp-block-column is-vertically-aligned-center is-layout-flow wp-block-column-is-layout-flow\" style=\"flex-basis:40%\">\n<p class=\"is-style-asterisk has-medium-font-size\">Das Gel\u00e4nde in Frankenburg besteht aus einer Schottergrube und einem kleinen Waldst\u00fcck. Da die Schottergrube noch immer in Betrieb ist und Schotter abgebaut wird, \u00e4ndert sich das Gel\u00e4nde von Spiel zu Spiel und sorgt so jedesmal f\u00fcr neue Herausforderungen.<\/p>\n<\/div>\n<\/div>\n<\/div>\n<\/div>\n\n\n\n<div class=\"wp-block-group alignfull has-base-color has-contrast-background-color has-text-color has-background has-global-padding is-layout-constrained wp-container-core-group-is-layout-ef3d885c wp-block-group-is-layout-constrained\" style=\"margin-top:0;margin-bottom:0;padding-top:var(--wp--preset--spacing--60);padding-right:var(--wp--preset--spacing--60);padding-bottom:var(--wp--preset--spacing--60);padding-left:var(--wp--preset--spacing--60)\">\n<div class=\"wp-block-group has-global-padding is-layout-constrained wp-block-group-is-layout-constrained\">\n<p class=\"has-text-align-center has-base-color has-text-color has-heading-font-family has-x-large-font-size\" style=\"line-height:1.2\"> <em>\u201eDa die Schottergrube noch immer in Betrieb ist und Schotter abgebaut wird, \u00e4ndert sich das Gel\u00e4nde von Spiel zu Spiel und sorgt so jedesmal f\u00fcr neue Herausforderungen.\u201c<\/em> <\/p>\n\n\n\n<div style=\"height:var(--wp--preset--spacing--10)\" aria-hidden=\"true\" class=\"wp-block-spacer\"><\/div>\n\n\n\n<div class=\"wp-block-group is-vertical is-content-justification-center is-nowrap is-layout-flex wp-container-core-group-is-layout-2dc08cea wp-block-group-is-layout-flex\">\n<figure class=\"wp-block-image aligncenter size-thumbnail is-resized has-custom-border\"><img data-recalc-dims=\"1\" loading=\"lazy\" decoding=\"async\" width=\"150\" height=\"150\" data-attachment-id=\"42\" data-permalink=\"https:\/\/www.asc-skg.at\/index.php\/unser-gelaende\/basher-1\/\" data-orig-file=\"https:\/\/i0.wp.com\/www.asc-skg.at\/wp-content\/uploads\/2024\/02\/basher-1.png?fit=528%2C528&amp;ssl=1\" data-orig-size=\"528,528\" data-comments-opened=\"1\" data-image-meta=\"{&quot;aperture&quot;:&quot;0&quot;,&quot;credit&quot;:&quot;&quot;,&quot;camera&quot;:&quot;&quot;,&quot;caption&quot;:&quot;&quot;,&quot;created_timestamp&quot;:&quot;0&quot;,&quot;copyright&quot;:&quot;&quot;,&quot;focal_length&quot;:&quot;0&quot;,&quot;iso&quot;:&quot;0&quot;,&quot;shutter_speed&quot;:&quot;0&quot;,&quot;title&quot;:&quot;&quot;,&quot;orientation&quot;:&quot;0&quot;}\" data-image-title=\"basher-1\" data-image-description=\"\" data-image-caption=\"\" data-medium-file=\"https:\/\/i0.wp.com\/www.asc-skg.at\/wp-content\/uploads\/2024\/02\/basher-1.png?fit=300%2C300&amp;ssl=1\" data-large-file=\"https:\/\/i0.wp.com\/www.asc-skg.at\/wp-content\/uploads\/2024\/02\/basher-1.png?fit=528%2C528&amp;ssl=1\" src=\"https:\/\/i0.wp.com\/www.asc-skg.at\/wp-content\/uploads\/2024\/02\/basher-1.png?resize=150%2C150&#038;ssl=1\" alt=\"\" class=\"wp-image-42\" style=\"border-radius:100px;aspect-ratio:1;object-fit:cover;width:60px\" srcset=\"https:\/\/i0.wp.com\/www.asc-skg.at\/wp-content\/uploads\/2024\/02\/basher-1.png?resize=150%2C150&amp;ssl=1 150w, https:\/\/i0.wp.com\/www.asc-skg.at\/wp-content\/uploads\/2024\/02\/basher-1.png?resize=300%2C300&amp;ssl=1 300w, https:\/\/i0.wp.com\/www.asc-skg.at\/wp-content\/uploads\/2024\/02\/basher-1.png?w=528&amp;ssl=1 528w\" sizes=\"auto, (max-width: 150px) 100vw, 150px\" \/><\/figure>\n\n\n\n<p class=\"has-text-align-center\" style=\"margin-top:var(--wp--preset--spacing--10);margin-bottom:0\">BASHER<\/p>\n\n\n\n<p class=\"has-text-align-center has-contrast-3-color has-text-color has-small-font-size\" style=\"font-style:normal;font-weight:300\">Obmann<\/p>\n<\/div>\n<\/div>\n<\/div>\n","protected":false},"excerpt":{"rendered":"<p>Die Schottergrube Wenn man die Natur wahrhaft&nbsp;liebt, so findet man es \u00fcberall&nbsp;sch\u00f6n. Die Schottergrube In einem Kiestagebau erfolgt der Abbau von lockerem Sediment, um Sand und Kies als nat\u00fcrliche Gesteinsk\u00f6rnung zu gewinnen. Ein Kiestagebau wird auch als Kiesgrube oder Kieswerk bezeichnet. \u00c4hnlich wie in einem Schotterwerk wird das gewonnene Material ganz \u00fcberwiegend als Baustoff verwendet. [&hellip;]<\/p>\n","protected":false},"author":1,"featured_media":0,"parent":0,"menu_order":0,"comment_status":"closed","ping_status":"closed","template":"","meta":{"footnotes":""},"class_list":["post-28","page","type-page","status-publish","hentry"],"_links":{"self":[{"href":"https:\/\/www.asc-skg.at\/index.php\/wp-json\/wp\/v2\/pages\/28","targetHints":{"allow":["GET"]}}],"collection":[{"href":"https:\/\/www.asc-skg.at\/index.php\/wp-json\/wp\/v2\/pages"}],"about":[{"href":"https:\/\/www.asc-skg.at\/index.php\/wp-json\/wp\/v2\/types\/page"}],"author":[{"embeddable":true,"href":"https:\/\/www.asc-skg.at\/index.php\/wp-json\/wp\/v2\/users\/1"}],"replies":[{"embeddable":true,"href":"https:\/\/www.asc-skg.at\/index.php\/wp-json\/wp\/v2\/comments?post=28"}],"version-history":[{"count":5,"href":"https:\/\/www.asc-skg.at\/index.php\/wp-json\/wp\/v2\/pages\/28\/revisions"}],"predecessor-version":[{"id":318,"href":"https:\/\/www.asc-skg.at\/index.php\/wp-json\/wp\/v2\/pages\/28\/revisions\/318"}],"wp:attachment":[{"href":"https:\/\/www.asc-skg.at\/index.php\/wp-json\/wp\/v2\/media?parent=28"}],"curies":[{"name":"wp","href":"https:\/\/api.w.org\/{rel}","templated":true}]}}