{"id":260,"date":"2024-02-21T13:54:01","date_gmt":"2024-02-21T13:54:01","guid":{"rendered":"https:\/\/dev.asc-skg.at\/?page_id=260"},"modified":"2024-02-21T18:23:28","modified_gmt":"2024-02-21T18:23:28","slug":"ueber-uns","status":"publish","type":"page","link":"https:\/\/www.asc-skg.at\/index.php\/ueber-uns\/","title":{"rendered":"\u00dcber uns"},"content":{"rendered":"\n<div class=\"wp-block-group alignfull has-accent-background-color has-background has-global-padding is-layout-constrained wp-container-core-group-is-layout-669513ed wp-block-group-is-layout-constrained\" style=\"margin-top:0;margin-bottom:0;padding-top:var(--wp--preset--spacing--50);padding-right:var(--wp--preset--spacing--50);padding-bottom:var(--wp--preset--spacing--50);padding-left:var(--wp--preset--spacing--50)\">\n<div class=\"wp-block-columns alignwide is-layout-flex wp-container-core-columns-is-layout-1da03c2a wp-block-columns-is-layout-flex\">\n<div class=\"wp-block-column is-vertically-aligned-stretch is-layout-flow wp-block-column-is-layout-flow\" style=\"flex-basis:50%\">\n<div class=\"wp-block-group is-vertical is-content-justification-stretch is-layout-flex wp-container-core-group-is-layout-444d5ee8 wp-block-group-is-layout-flex\" style=\"min-height:100%\">\n<p class=\"has-heading-font-family has-x-large-font-size\" style=\"line-height:1.2\">Airsoft Sport Community Salzkammergut <\/p>\n\n\n\n<div class=\"wp-block-group has-global-padding is-content-justification-left is-layout-constrained wp-container-core-group-is-layout-9fe8ed88 wp-block-group-is-layout-constrained\">\n<p class=\"wp-container-content-0733e5d0\">Unsere Leidenschaft f\u00fcr den Sport<\/p>\n\n\n\n<div class=\"wp-block-buttons is-layout-flex wp-block-buttons-is-layout-flex\">\n<div class=\"wp-block-button\"><a class=\"wp-block-button__link wp-element-button\" href=\"https:\/\/www.asc-skg.at\/index.php\/airsoft\/\">Airsoft<\/a><\/div>\n<\/div>\n<\/div>\n<\/div>\n<\/div>\n\n\n\n<div class=\"wp-block-column is-vertically-aligned-center is-layout-flow wp-block-column-is-layout-flow\" style=\"flex-basis:50%\">\n<figure class=\"wp-block-image size-full is-resized is-style-rounded wp-duotone-duotone-2 is-style-rounded--1\"><img data-recalc-dims=\"1\" loading=\"lazy\" decoding=\"async\" width=\"320\" height=\"320\" data-attachment-id=\"258\" data-permalink=\"https:\/\/www.asc-skg.at\/index.php\/2024\/02\/21\/neue-website\/14572983_1225752634164709_775894064817501159_n-1-2\/\" data-orig-file=\"https:\/\/i0.wp.com\/www.asc-skg.at\/wp-content\/uploads\/2024\/02\/14572983_1225752634164709_775894064817501159_n-1-1.jpg?fit=320%2C320&amp;ssl=1\" data-orig-size=\"320,320\" data-comments-opened=\"1\" data-image-meta=\"{&quot;aperture&quot;:&quot;0&quot;,&quot;credit&quot;:&quot;&quot;,&quot;camera&quot;:&quot;&quot;,&quot;caption&quot;:&quot;&quot;,&quot;created_timestamp&quot;:&quot;0&quot;,&quot;copyright&quot;:&quot;&quot;,&quot;focal_length&quot;:&quot;0&quot;,&quot;iso&quot;:&quot;0&quot;,&quot;shutter_speed&quot;:&quot;0&quot;,&quot;title&quot;:&quot;&quot;,&quot;orientation&quot;:&quot;0&quot;}\" data-image-title=\"14572983_1225752634164709_775894064817501159_n-1\" data-image-description=\"\" data-image-caption=\"\" data-medium-file=\"https:\/\/i0.wp.com\/www.asc-skg.at\/wp-content\/uploads\/2024\/02\/14572983_1225752634164709_775894064817501159_n-1-1.jpg?fit=300%2C300&amp;ssl=1\" data-large-file=\"https:\/\/i0.wp.com\/www.asc-skg.at\/wp-content\/uploads\/2024\/02\/14572983_1225752634164709_775894064817501159_n-1-1.jpg?fit=320%2C320&amp;ssl=1\" src=\"https:\/\/i0.wp.com\/www.asc-skg.at\/wp-content\/uploads\/2024\/02\/14572983_1225752634164709_775894064817501159_n-1-1.jpg?resize=320%2C320&#038;ssl=1\" alt=\"\" class=\"wp-image-258\" style=\"aspect-ratio:0.75;object-fit:cover;width:433px;height:auto\" srcset=\"https:\/\/i0.wp.com\/www.asc-skg.at\/wp-content\/uploads\/2024\/02\/14572983_1225752634164709_775894064817501159_n-1-1.jpg?w=320&amp;ssl=1 320w, https:\/\/i0.wp.com\/www.asc-skg.at\/wp-content\/uploads\/2024\/02\/14572983_1225752634164709_775894064817501159_n-1-1.jpg?resize=300%2C300&amp;ssl=1 300w, https:\/\/i0.wp.com\/www.asc-skg.at\/wp-content\/uploads\/2024\/02\/14572983_1225752634164709_775894064817501159_n-1-1.jpg?resize=150%2C150&amp;ssl=1 150w\" sizes=\"auto, (max-width: 320px) 100vw, 320px\" \/><\/figure>\n<\/div>\n<\/div>\n<\/div>\n\n\n\n<div class=\"wp-block-group alignfull has-base-background-color has-background has-global-padding is-layout-constrained wp-container-core-group-is-layout-d89aad35 wp-block-group-is-layout-constrained\" style=\"margin-top:0;margin-bottom:0;padding-top:var(--wp--preset--spacing--50);padding-right:var(--wp--preset--spacing--50);padding-bottom:var(--wp--preset--spacing--50);padding-left:var(--wp--preset--spacing--50)\">\n<div class=\"wp-block-columns alignwide is-layout-flex wp-container-core-columns-is-layout-549b0c86 wp-block-columns-is-layout-flex\">\n<div class=\"wp-block-column has-global-padding is-content-justification-left is-layout-constrained wp-container-core-column-is-layout-4f15e8fe wp-block-column-is-layout-constrained\" style=\"flex-basis:40%\">\n<p>Die Hingabe f\u00fcr den Sport und der Einsatz unserer Mitglieder machen unseren Verein zu etwas besonderem.<\/p>\n<\/div>\n\n\n\n<div class=\"wp-block-column is-layout-flow wp-container-core-column-is-layout-119bc444 wp-block-column-is-layout-flow\" style=\"flex-basis:60%\">\n<p class=\"has-heading-font-family has-x-large-font-size\" style=\"line-height:1.2\">Die Airsoft Sport Community \u2013 Salzkammergut existiert seit 2008 in seiner offiziellen Form als Verein, welcher sich dem Airsoft \u2013 und MilSim-Sport verschrieben hat.<\/p>\n\n\n\n<div class=\"wp-block-columns is-layout-flex wp-container-core-columns-is-layout-87beb0d0 wp-block-columns-is-layout-flex\">\n<div class=\"wp-block-column is-layout-flow wp-block-column-is-layout-flow\">\n<p class=\"wp-container-content-9cfa9a5a\">Ziel der ASC-SKG ist es, den Airsoft Sport national und international zu f\u00f6rdern, zu leben und jedermann die M\u00f6glichkeit zu bieten, diesen erleben zu k\u00f6nnen.&nbsp;Der Verein hat seinen Sitz seit der Gr\u00fcndung in Mondsee und unsere Mitglieder kommen aus dem gesamten Salzkammergut. Hierbei kommen die Vereinsmitglieder aus den unterschiedlichsten Berufszweigen. <\/p>\n<\/div>\n\n\n\n<div class=\"wp-block-column is-layout-flow wp-block-column-is-layout-flow\">\n<p>Diese Sportart verlangt sehr viel Ausdauer, Teamgeist &amp; Fairness, haupts\u00e4chlich geht es aber um den Spa\u00df am Spiel, die Freundschaft und die Aktivit\u00e4ten in der Natur.<\/p>\n\n\n\n<p>Unsere Mitglieder kommen allesamt aus verschiedensten Berufen und jeder bringt seine F\u00e4higkeiten in das Team ein.<\/p>\n<\/div>\n<\/div>\n<\/div>\n<\/div>\n<\/div>\n\n\n\n<div class=\"wp-block-group alignfull has-accent-5-background-color has-background has-global-padding is-layout-constrained wp-container-core-group-is-layout-669513ed wp-block-group-is-layout-constrained\" style=\"margin-top:0;margin-bottom:0;padding-top:var(--wp--preset--spacing--50);padding-right:var(--wp--preset--spacing--50);padding-bottom:var(--wp--preset--spacing--50);padding-left:var(--wp--preset--spacing--50)\">\n<div class=\"wp-block-group is-vertical is-content-justification-center is-layout-flex wp-container-core-group-is-layout-ce155fab wp-block-group-is-layout-flex\">\n<h2 class=\"wp-block-heading has-text-align-center has-xx-large-font-size\">Lerne unser Team kennen<\/h2>\n\n\n\n<p class=\"has-text-align-center\">Unsere Mitglieder kommen allesamt aus verschiedensten Berufen und jeder bringt seine F\u00e4higkeiten in das Team ein.<\/p>\n<\/div>\n\n\n\n<div style=\"height:var(--wp--preset--spacing--30)\" aria-hidden=\"true\" class=\"wp-block-spacer\"><\/div>\n\n\n\n<div class=\"wp-block-columns alignwide is-layout-flex wp-container-core-columns-is-layout-4935966c wp-block-columns-is-layout-flex\" style=\"padding-right:0;padding-left:0\">\n<div class=\"wp-block-column is-layout-flow wp-block-column-is-layout-flow\">\n<figure class=\"wp-block-image size-full is-style-rounded is-style-rounded--2\"><img data-recalc-dims=\"1\" loading=\"lazy\" decoding=\"async\" width=\"450\" height=\"450\" data-attachment-id=\"102\" data-permalink=\"https:\/\/www.asc-skg.at\/index.php\/mitglieder\/basher-3\/\" data-orig-file=\"https:\/\/i0.wp.com\/www.asc-skg.at\/wp-content\/uploads\/2024\/02\/basher-3.png?fit=450%2C450&amp;ssl=1\" data-orig-size=\"450,450\" data-comments-opened=\"1\" data-image-meta=\"{&quot;aperture&quot;:&quot;0&quot;,&quot;credit&quot;:&quot;&quot;,&quot;camera&quot;:&quot;&quot;,&quot;caption&quot;:&quot;&quot;,&quot;created_timestamp&quot;:&quot;0&quot;,&quot;copyright&quot;:&quot;&quot;,&quot;focal_length&quot;:&quot;0&quot;,&quot;iso&quot;:&quot;0&quot;,&quot;shutter_speed&quot;:&quot;0&quot;,&quot;title&quot;:&quot;&quot;,&quot;orientation&quot;:&quot;0&quot;}\" data-image-title=\"basher-3\" data-image-description=\"\" data-image-caption=\"\" data-medium-file=\"https:\/\/i0.wp.com\/www.asc-skg.at\/wp-content\/uploads\/2024\/02\/basher-3.png?fit=300%2C300&amp;ssl=1\" data-large-file=\"https:\/\/i0.wp.com\/www.asc-skg.at\/wp-content\/uploads\/2024\/02\/basher-3.png?fit=450%2C450&amp;ssl=1\" src=\"https:\/\/i0.wp.com\/www.asc-skg.at\/wp-content\/uploads\/2024\/02\/basher-3.png?resize=450%2C450&#038;ssl=1\" alt=\"\" class=\"wp-image-102\" style=\"aspect-ratio:1;object-fit:cover\" srcset=\"https:\/\/i0.wp.com\/www.asc-skg.at\/wp-content\/uploads\/2024\/02\/basher-3.png?w=450&amp;ssl=1 450w, https:\/\/i0.wp.com\/www.asc-skg.at\/wp-content\/uploads\/2024\/02\/basher-3.png?resize=300%2C300&amp;ssl=1 300w, https:\/\/i0.wp.com\/www.asc-skg.at\/wp-content\/uploads\/2024\/02\/basher-3.png?resize=150%2C150&amp;ssl=1 150w\" sizes=\"auto, (max-width: 450px) 100vw, 450px\" \/><\/figure>\n\n\n\n<div class=\"wp-block-group is-vertical is-content-justification-center is-nowrap is-layout-flex wp-container-core-group-is-layout-21d4e958 wp-block-group-is-layout-flex\">\n<p class=\"has-text-align-center has-small-font-size\"><strong>BASHER<\/strong><\/p>\n\n\n\n<p class=\"has-text-align-center has-small-font-size\">Obmann<\/p>\n<\/div>\n<\/div>\n\n\n\n<div class=\"wp-block-column is-layout-flow wp-block-column-is-layout-flow\">\n<figure class=\"wp-block-image size-full is-style-rounded is-style-rounded--3\"><img data-recalc-dims=\"1\" loading=\"lazy\" decoding=\"async\" width=\"450\" height=\"450\" data-attachment-id=\"103\" data-permalink=\"https:\/\/www.asc-skg.at\/index.php\/mitglieder\/atlas-1\/\" data-orig-file=\"https:\/\/i0.wp.com\/www.asc-skg.at\/wp-content\/uploads\/2024\/02\/Atlas-1.png?fit=450%2C450&amp;ssl=1\" data-orig-size=\"450,450\" data-comments-opened=\"1\" data-image-meta=\"{&quot;aperture&quot;:&quot;0&quot;,&quot;credit&quot;:&quot;&quot;,&quot;camera&quot;:&quot;&quot;,&quot;caption&quot;:&quot;&quot;,&quot;created_timestamp&quot;:&quot;0&quot;,&quot;copyright&quot;:&quot;&quot;,&quot;focal_length&quot;:&quot;0&quot;,&quot;iso&quot;:&quot;0&quot;,&quot;shutter_speed&quot;:&quot;0&quot;,&quot;title&quot;:&quot;&quot;,&quot;orientation&quot;:&quot;0&quot;}\" data-image-title=\"Atlas-1\" data-image-description=\"\" data-image-caption=\"\" data-medium-file=\"https:\/\/i0.wp.com\/www.asc-skg.at\/wp-content\/uploads\/2024\/02\/Atlas-1.png?fit=300%2C300&amp;ssl=1\" data-large-file=\"https:\/\/i0.wp.com\/www.asc-skg.at\/wp-content\/uploads\/2024\/02\/Atlas-1.png?fit=450%2C450&amp;ssl=1\" src=\"https:\/\/i0.wp.com\/www.asc-skg.at\/wp-content\/uploads\/2024\/02\/Atlas-1.png?resize=450%2C450&#038;ssl=1\" alt=\"\" class=\"wp-image-103\" style=\"aspect-ratio:1;object-fit:cover\" srcset=\"https:\/\/i0.wp.com\/www.asc-skg.at\/wp-content\/uploads\/2024\/02\/Atlas-1.png?w=450&amp;ssl=1 450w, https:\/\/i0.wp.com\/www.asc-skg.at\/wp-content\/uploads\/2024\/02\/Atlas-1.png?resize=300%2C300&amp;ssl=1 300w, https:\/\/i0.wp.com\/www.asc-skg.at\/wp-content\/uploads\/2024\/02\/Atlas-1.png?resize=150%2C150&amp;ssl=1 150w\" sizes=\"auto, (max-width: 450px) 100vw, 450px\" \/><\/figure>\n\n\n\n<div class=\"wp-block-group is-vertical is-content-justification-center is-nowrap is-layout-flex wp-container-core-group-is-layout-63bfd6c1 wp-block-group-is-layout-flex\">\n<p class=\"has-text-align-center has-small-font-size\"><strong>ATLAS<\/strong><\/p>\n\n\n\n<p class=\"has-text-align-center has-small-font-size\">Obmann Stv.<\/p>\n<\/div>\n<\/div>\n\n\n\n<div class=\"wp-block-column is-layout-flow wp-block-column-is-layout-flow\">\n<figure class=\"wp-block-image size-full is-style-rounded is-style-rounded--4\"><img data-recalc-dims=\"1\" loading=\"lazy\" decoding=\"async\" width=\"450\" height=\"450\" data-attachment-id=\"101\" data-permalink=\"https:\/\/www.asc-skg.at\/index.php\/mitglieder\/mad-1\/\" data-orig-file=\"https:\/\/i0.wp.com\/www.asc-skg.at\/wp-content\/uploads\/2024\/02\/mad-1.png?fit=450%2C450&amp;ssl=1\" data-orig-size=\"450,450\" data-comments-opened=\"1\" data-image-meta=\"{&quot;aperture&quot;:&quot;0&quot;,&quot;credit&quot;:&quot;&quot;,&quot;camera&quot;:&quot;&quot;,&quot;caption&quot;:&quot;&quot;,&quot;created_timestamp&quot;:&quot;0&quot;,&quot;copyright&quot;:&quot;&quot;,&quot;focal_length&quot;:&quot;0&quot;,&quot;iso&quot;:&quot;0&quot;,&quot;shutter_speed&quot;:&quot;0&quot;,&quot;title&quot;:&quot;&quot;,&quot;orientation&quot;:&quot;0&quot;}\" data-image-title=\"mad-1\" data-image-description=\"\" data-image-caption=\"\" data-medium-file=\"https:\/\/i0.wp.com\/www.asc-skg.at\/wp-content\/uploads\/2024\/02\/mad-1.png?fit=300%2C300&amp;ssl=1\" data-large-file=\"https:\/\/i0.wp.com\/www.asc-skg.at\/wp-content\/uploads\/2024\/02\/mad-1.png?fit=450%2C450&amp;ssl=1\" src=\"https:\/\/i0.wp.com\/www.asc-skg.at\/wp-content\/uploads\/2024\/02\/mad-1.png?resize=450%2C450&#038;ssl=1\" alt=\"\" class=\"wp-image-101\" style=\"aspect-ratio:1;object-fit:cover\" srcset=\"https:\/\/i0.wp.com\/www.asc-skg.at\/wp-content\/uploads\/2024\/02\/mad-1.png?w=450&amp;ssl=1 450w, https:\/\/i0.wp.com\/www.asc-skg.at\/wp-content\/uploads\/2024\/02\/mad-1.png?resize=300%2C300&amp;ssl=1 300w, https:\/\/i0.wp.com\/www.asc-skg.at\/wp-content\/uploads\/2024\/02\/mad-1.png?resize=150%2C150&amp;ssl=1 150w\" sizes=\"auto, (max-width: 450px) 100vw, 450px\" \/><\/figure>\n\n\n\n<div class=\"wp-block-group is-vertical is-content-justification-center is-nowrap is-layout-flex wp-container-core-group-is-layout-63bfd6c1 wp-block-group-is-layout-flex\">\n<p class=\"has-text-align-center has-small-font-size\"><strong>MAD<\/strong><\/p>\n\n\n\n<p class=\"has-text-align-center has-small-font-size\">Schriftf\u00fchrer<\/p>\n<\/div>\n<\/div>\n\n\n\n<div class=\"wp-block-column is-layout-flow wp-block-column-is-layout-flow\">\n<figure class=\"wp-block-image size-full is-style-rounded is-style-rounded--5\"><img data-recalc-dims=\"1\" loading=\"lazy\" decoding=\"async\" width=\"450\" height=\"450\" data-attachment-id=\"100\" data-permalink=\"https:\/\/www.asc-skg.at\/index.php\/mitglieder\/dubman-1\/\" data-orig-file=\"https:\/\/i0.wp.com\/www.asc-skg.at\/wp-content\/uploads\/2024\/02\/dubman-1.jpg?fit=450%2C450&amp;ssl=1\" data-orig-size=\"450,450\" data-comments-opened=\"1\" data-image-meta=\"{&quot;aperture&quot;:&quot;0&quot;,&quot;credit&quot;:&quot;&quot;,&quot;camera&quot;:&quot;&quot;,&quot;caption&quot;:&quot;&quot;,&quot;created_timestamp&quot;:&quot;0&quot;,&quot;copyright&quot;:&quot;&quot;,&quot;focal_length&quot;:&quot;0&quot;,&quot;iso&quot;:&quot;0&quot;,&quot;shutter_speed&quot;:&quot;0&quot;,&quot;title&quot;:&quot;&quot;,&quot;orientation&quot;:&quot;0&quot;}\" data-image-title=\"dubman-1\" data-image-description=\"\" data-image-caption=\"\" data-medium-file=\"https:\/\/i0.wp.com\/www.asc-skg.at\/wp-content\/uploads\/2024\/02\/dubman-1.jpg?fit=300%2C300&amp;ssl=1\" data-large-file=\"https:\/\/i0.wp.com\/www.asc-skg.at\/wp-content\/uploads\/2024\/02\/dubman-1.jpg?fit=450%2C450&amp;ssl=1\" src=\"https:\/\/i0.wp.com\/www.asc-skg.at\/wp-content\/uploads\/2024\/02\/dubman-1.jpg?resize=450%2C450&#038;ssl=1\" alt=\"\" class=\"wp-image-100\" style=\"aspect-ratio:1;object-fit:cover\" srcset=\"https:\/\/i0.wp.com\/www.asc-skg.at\/wp-content\/uploads\/2024\/02\/dubman-1.jpg?w=450&amp;ssl=1 450w, https:\/\/i0.wp.com\/www.asc-skg.at\/wp-content\/uploads\/2024\/02\/dubman-1.jpg?resize=300%2C300&amp;ssl=1 300w, https:\/\/i0.wp.com\/www.asc-skg.at\/wp-content\/uploads\/2024\/02\/dubman-1.jpg?resize=150%2C150&amp;ssl=1 150w\" sizes=\"auto, (max-width: 450px) 100vw, 450px\" \/><\/figure>\n\n\n\n<div class=\"wp-block-group is-vertical is-content-justification-center is-nowrap is-layout-flex wp-container-core-group-is-layout-21d4e958 wp-block-group-is-layout-flex\">\n<p class=\"has-text-align-center has-small-font-size\"><strong>DUBMAN<\/strong><\/p>\n\n\n\n<p class=\"has-text-align-center has-small-font-size\">Kassier<\/p>\n<\/div>\n<\/div>\n<\/div>\n\n\n\n<div class=\"wp-block-buttons is-content-justification-right is-layout-flex wp-container-core-buttons-is-layout-d445cf74 wp-block-buttons-is-layout-flex\">\n<div class=\"wp-block-button\"><a class=\"wp-block-button__link wp-element-button\" href=\"https:\/\/www.asc-skg.at\/index.php\/mitglieder\/\">Unsere Mitglieder<\/a><\/div>\n<\/div>\n<\/div>\n\n\n\n<div class=\"wp-block-group alignfull has-base-color has-contrast-background-color has-text-color has-background has-link-color wp-elements-d892db2c33de3a832f57c358d8ce975a has-global-padding is-layout-constrained wp-container-core-group-is-layout-d89aad35 wp-block-group-is-layout-constrained\" style=\"margin-top:0;margin-bottom:0;padding-top:var(--wp--preset--spacing--50);padding-right:var(--wp--preset--spacing--50);padding-bottom:var(--wp--preset--spacing--50);padding-left:var(--wp--preset--spacing--50)\">\n<h2 class=\"wp-block-heading alignwide has-base-color has-text-color has-link-color wp-elements-c9b5699bdecff18878afa112249018b5\" style=\"font-size:clamp(4.509rem, 4.509rem + ((1vw - 0.2rem) * 9.152), 10rem);letter-spacing:-0.02em\">FAQs<\/h2>\n\n\n\n<div class=\"wp-block-group alignwide is-layout-flow wp-block-group-is-layout-flow\">\n<hr class=\"wp-block-separator has-text-color has-base-color has-alpha-channel-opacity has-base-background-color has-background is-style-wide\"\/>\n\n\n\n<details class=\"wp-block-details is-style-arrow-icon-details has-medium-font-size is-layout-flow wp-block-details-is-layout-flow\" style=\"border-top-style:none;border-top-width:0px;border-right-style:none;border-right-width:0px;border-bottom-color:var(--wp--preset--color--base);border-bottom-style:solid;border-bottom-width:1px;border-left-style:none;border-left-width:0px;margin-top:0\"><summary>Wie sieht es rechtlich mit dem Airsoft aus?<\/summary>\n<p class=\"has-contrast-1-color has-text-color has-link-color wp-elements-6101110d5e18a5307b59da8fa7096fd8\">Beim Airsoft-Spielen muss eine Reihe von gesetzlichen Vorschriften beachtet werden. So steht zum Beispiel das unbefugte Betreten von Privatgel\u00e4nde als Hausfriedensbruch unter Strafe. Ebenso kann das Verschie\u00dfen der Kunststoffmunition nach Landes- und Kommunalrecht als Ordnungswidrigkeit geahndet werden. Weiter ist das \u00f6ffentliche F\u00fchren einer Softairwaffe verboten. F\u00fcr den Transport ist daher ein blickdichtes und vor fremden Zugriff gesichertes Beh\u00e4ltnis erforderlich.<\/p>\n<\/details>\n\n\n\n<details class=\"wp-block-details is-style-arrow-icon-details has-medium-font-size is-layout-flow wp-block-details-is-layout-flow\" style=\"border-top-style:none;border-top-width:0px;border-right-style:none;border-right-width:0px;border-bottom-color:var(--wp--preset--color--base);border-bottom-style:solid;border-bottom-width:1px;border-left-style:none;border-left-width:0px;margin-top:0\"><summary>Wie kannst du bei uns Mitglied werden?<\/summary>\n<p class=\"has-contrast-1-color has-text-color has-link-color wp-elements-dc745c8266f3bce5851c80d5fdafdbda\">Melde dich doch bei uns \u00fcber unser Kontaktformular hier auf der Website oder nimm direkt Kontakt mit einem unserer Mitglieder auf. Alle n\u00e4heren Infos findest du bei uns unter Kontakt.<\/p>\n<\/details>\n\n\n\n<div style=\"margin-top:var(--wp--preset--spacing--10);margin-bottom:0;height:var(--wp--preset--spacing--10)\" aria-hidden=\"true\" class=\"wp-block-spacer\"><\/div>\n<\/div>\n<\/div>\n","protected":false},"excerpt":{"rendered":"<p>Airsoft Sport Community Salzkammergut Unsere Leidenschaft f\u00fcr den Sport Die Hingabe f\u00fcr den Sport und der Einsatz unserer Mitglieder machen unseren Verein zu etwas besonderem. Die Airsoft Sport Community \u2013 Salzkammergut existiert seit 2008 in seiner offiziellen Form als Verein, welcher sich dem Airsoft \u2013 und MilSim-Sport verschrieben hat. Ziel der ASC-SKG ist es, den [&hellip;]<\/p>\n","protected":false},"author":1,"featured_media":0,"parent":0,"menu_order":0,"comment_status":"closed","ping_status":"closed","template":"","meta":{"footnotes":""},"class_list":["post-260","page","type-page","status-publish","hentry"],"_links":{"self":[{"href":"https:\/\/www.asc-skg.at\/index.php\/wp-json\/wp\/v2\/pages\/260","targetHints":{"allow":["GET"]}}],"collection":[{"href":"https:\/\/www.asc-skg.at\/index.php\/wp-json\/wp\/v2\/pages"}],"about":[{"href":"https:\/\/www.asc-skg.at\/index.php\/wp-json\/wp\/v2\/types\/page"}],"author":[{"embeddable":true,"href":"https:\/\/www.asc-skg.at\/index.php\/wp-json\/wp\/v2\/users\/1"}],"replies":[{"embeddable":true,"href":"https:\/\/www.asc-skg.at\/index.php\/wp-json\/wp\/v2\/comments?post=260"}],"version-history":[{"count":8,"href":"https:\/\/www.asc-skg.at\/index.php\/wp-json\/wp\/v2\/pages\/260\/revisions"}],"predecessor-version":[{"id":317,"href":"https:\/\/www.asc-skg.at\/index.php\/wp-json\/wp\/v2\/pages\/260\/revisions\/317"}],"wp:attachment":[{"href":"https:\/\/www.asc-skg.at\/index.php\/wp-json\/wp\/v2\/media?parent=260"}],"curies":[{"name":"wp","href":"https:\/\/api.w.org\/{rel}","templated":true}]}}