{"id":239,"date":"2024-02-21T12:25:14","date_gmt":"2024-02-21T12:25:14","guid":{"rendered":"https:\/\/dev.asc-skg.at\/?page_id=239"},"modified":"2024-02-21T18:09:12","modified_gmt":"2024-02-21T18:09:12","slug":"airsoft","status":"publish","type":"page","link":"https:\/\/www.asc-skg.at\/index.php\/airsoft\/","title":{"rendered":"Airsoft"},"content":{"rendered":"\n<div class=\"wp-block-group alignfull has-accent-background-color has-background has-global-padding is-layout-constrained wp-container-core-group-is-layout-669513ed wp-block-group-is-layout-constrained\" style=\"margin-top:0;margin-bottom:0;padding-top:var(--wp--preset--spacing--50);padding-right:var(--wp--preset--spacing--50);padding-bottom:var(--wp--preset--spacing--50);padding-left:var(--wp--preset--spacing--50)\">\n<div class=\"wp-block-columns alignwide is-layout-flex wp-container-core-columns-is-layout-1da03c2a wp-block-columns-is-layout-flex\">\n<div class=\"wp-block-column is-vertically-aligned-stretch is-layout-flow wp-block-column-is-layout-flow\" style=\"flex-basis:50%\">\n<div class=\"wp-block-group is-vertical is-content-justification-stretch is-layout-flex wp-container-core-group-is-layout-444d5ee8 wp-block-group-is-layout-flex\" style=\"min-height:100%\">\n<h1 class=\"wp-block-heading has-text-align-left has-x-large-font-size\">Airsoft ist ein Gel\u00e4ndespiel, bei dem mit Softair-Sportger\u00e4ten ausger\u00fcstete Teams gegeneinander antreten. Das Spielprinzip \u00e4hnelt dem von Paintball..<\/h1>\n\n\n\n<div class=\"wp-block-group has-global-padding is-content-justification-left is-layout-constrained wp-container-core-group-is-layout-9fe8ed88 wp-block-group-is-layout-constrained\">\n<p class=\"wp-container-content-0733e5d0\">Fit zu sein ist kein Ziel, es ist eine Lebenshaltung<\/p>\n\n\n\n<div class=\"wp-block-buttons is-layout-flex wp-block-buttons-is-layout-flex\">\n<div class=\"wp-block-button\"><a class=\"wp-block-button__link wp-element-button\" href=\"https:\/\/www.asc-skg.at\/index.php\/ueber-uns\/\">\u00dcber uns<\/a><\/div>\n<\/div>\n<\/div>\n<\/div>\n<\/div>\n\n\n\n<div class=\"wp-block-column is-vertically-aligned-center is-layout-flow wp-block-column-is-layout-flow\" style=\"flex-basis:50%\">\n<figure class=\"wp-block-image size-full is-resized is-style-rounded wp-duotone-duotone-2 is-style-rounded--1\"><img data-recalc-dims=\"1\" loading=\"lazy\" decoding=\"async\" width=\"320\" height=\"320\" data-attachment-id=\"9\" data-permalink=\"https:\/\/www.asc-skg.at\/14572983_1225752634164709_775894064817501159_n-1\/\" data-orig-file=\"https:\/\/i0.wp.com\/www.asc-skg.at\/wp-content\/uploads\/2024\/02\/14572983_1225752634164709_775894064817501159_n-1.jpg?fit=320%2C320&amp;ssl=1\" data-orig-size=\"320,320\" data-comments-opened=\"1\" data-image-meta=\"{&quot;aperture&quot;:&quot;0&quot;,&quot;credit&quot;:&quot;&quot;,&quot;camera&quot;:&quot;&quot;,&quot;caption&quot;:&quot;&quot;,&quot;created_timestamp&quot;:&quot;0&quot;,&quot;copyright&quot;:&quot;&quot;,&quot;focal_length&quot;:&quot;0&quot;,&quot;iso&quot;:&quot;0&quot;,&quot;shutter_speed&quot;:&quot;0&quot;,&quot;title&quot;:&quot;&quot;,&quot;orientation&quot;:&quot;0&quot;}\" data-image-title=\"14572983_1225752634164709_775894064817501159_n-1\" data-image-description=\"\" data-image-caption=\"\" data-medium-file=\"https:\/\/i0.wp.com\/www.asc-skg.at\/wp-content\/uploads\/2024\/02\/14572983_1225752634164709_775894064817501159_n-1.jpg?fit=300%2C300&amp;ssl=1\" data-large-file=\"https:\/\/i0.wp.com\/www.asc-skg.at\/wp-content\/uploads\/2024\/02\/14572983_1225752634164709_775894064817501159_n-1.jpg?fit=320%2C320&amp;ssl=1\" src=\"https:\/\/i0.wp.com\/www.asc-skg.at\/wp-content\/uploads\/2024\/02\/14572983_1225752634164709_775894064817501159_n-1.jpg?resize=320%2C320&#038;ssl=1\" alt=\"\" class=\"wp-image-9\" style=\"aspect-ratio:0.75;object-fit:cover;width:478px;height:auto\" srcset=\"https:\/\/i0.wp.com\/www.asc-skg.at\/wp-content\/uploads\/2024\/02\/14572983_1225752634164709_775894064817501159_n-1.jpg?w=320&amp;ssl=1 320w, https:\/\/i0.wp.com\/www.asc-skg.at\/wp-content\/uploads\/2024\/02\/14572983_1225752634164709_775894064817501159_n-1.jpg?resize=300%2C300&amp;ssl=1 300w, https:\/\/i0.wp.com\/www.asc-skg.at\/wp-content\/uploads\/2024\/02\/14572983_1225752634164709_775894064817501159_n-1.jpg?resize=150%2C150&amp;ssl=1 150w\" sizes=\"auto, (max-width: 320px) 100vw, 320px\" \/><\/figure>\n<\/div>\n<\/div>\n<\/div>\n\n\n\n<div class=\"wp-block-group alignfull has-base-background-color has-background has-global-padding is-layout-constrained wp-container-core-group-is-layout-669513ed wp-block-group-is-layout-constrained\" style=\"margin-top:0;margin-bottom:0;padding-top:var(--wp--preset--spacing--50);padding-right:var(--wp--preset--spacing--50);padding-bottom:var(--wp--preset--spacing--50);padding-left:var(--wp--preset--spacing--50)\">\n<div class=\"wp-block-group is-vertical is-content-justification-center is-layout-flex wp-container-core-group-is-layout-52b864f0 wp-block-group-is-layout-flex\">\n<h2 class=\"wp-block-heading has-text-align-center is-style-asterisk\">Die Sportger\u00e4te<\/h2>\n\n\n\n<div style=\"height:0px\" aria-hidden=\"true\" class=\"wp-block-spacer wp-container-content-4f2ccadb\"><\/div>\n\n\n\n<p class=\"has-text-align-center\">Eine Softair oder Airsoft ist ein spezielles Druckluftsportger\u00e4t, die beim taktischen Gel\u00e4ndespiel Airsoft benutzt wird. Es gibt ebenfalls Disziplinen im IPSC-Sportschie\u00dfen, die mit Softairkurzwaffen durchgef\u00fchrt werden. Softairwaffen sind oft unter Lizenzen t\u00e4uschend echt nachgebaute Replikate von echten Schusswaffen, die aber keine lebensgef\u00e4hrlichen Verletzungen herbeif\u00fchren. Softairwaffen verschie\u00dfen mittels Federdruck, Gas oder eines elektromechanisch betriebenen Druckluftsystems Rundkugeln aus verschiedenen Materialien.<\/p>\n<\/div>\n\n\n\n<div style=\"margin-top:0;margin-bottom:0;height:var(--wp--preset--spacing--40)\" aria-hidden=\"true\" class=\"wp-block-spacer\"><\/div>\n\n\n\n<div class=\"wp-block-columns alignwide is-layout-flex wp-container-core-columns-is-layout-d0bbbce0 wp-block-columns-is-layout-flex\">\n<div class=\"wp-block-column is-layout-flow wp-container-core-column-is-layout-e3d1c41b wp-block-column-is-layout-flow\">\n<h3 class=\"wp-block-heading has-text-align-left is-style-asterisk has-body-font-family has-medium-font-size\" style=\"font-style:normal;font-weight:600\">Das Spielprinzip<\/h3>\n\n\n\n<p class=\"has-text-align-left\">Das Spielprinzip ist \u00e4hnlich dem des Paintball oder von Lasergames, es werden jedoch Kugeln mit meist 6 mm Durchmesser (so genannte BB) aus Plastik oder einem biologisch abbaubaren Stoff verwendet. Die Dauer eines Spiels ist unterschiedlich. Ziel kann dabei das Halten einer Flagge durch eine Spielpartei oder die Eroberung eines Objekts sein. Da man Treffer schlecht erkennen kann, sind sie vom Getroffenen selbst durch das Wort \u201eHit\u201c anzusagen. Au\u00dferdem werden in der Regel Treffer (Hits) durch eine Death Rag angezeigt. Diese ist eine modifizierte Warnweste mit welcher der Spieler signalisiert, dass er getroffen wurde.<\/p>\n<\/div>\n\n\n\n<div class=\"wp-block-column is-layout-flow wp-container-core-column-is-layout-e3d1c41b wp-block-column-is-layout-flow\">\n<h3 class=\"wp-block-heading has-text-align-left is-style-asterisk has-body-font-family has-medium-font-size\" style=\"font-style:normal;font-weight:600\">\u00d6sterreichischer Airsoft Sport Verband<\/h3>\n\n\n\n<p class=\"has-text-align-left\">Auf dem 2. \u00d6sterreichischen Airsoft-Kongress in Salzburg gr\u00fcndeten Airsoftvereine aus \u00d6sterreich 2007 einen Verband. Der \u00d6sterreichische Airsoft Sport Verband (\u00d6ASV) hat sich die F\u00f6rderung und Entwicklung von Airsoft als Sport in \u00d6sterreich zum Ziel gesetzt. Der Verband hat im Laufe seines Bestehens ein einheitliches Regelwerk zu den Themen Sicherheit, Verhalten in der \u00d6ffentlichkeit und Allgemeine Regeln zum Airsoftsport (\u00d6ASV Reglement) geschaffen, ist heute (2019) jedoch nicht mehr aktiv.<\/p>\n<\/div>\n\n\n\n<div class=\"wp-block-column is-layout-flow wp-container-core-column-is-layout-e3d1c41b wp-block-column-is-layout-flow\">\n<h3 class=\"wp-block-heading has-text-align-left is-style-asterisk has-body-font-family has-medium-font-size\" style=\"font-style:normal;font-weight:600\">Rechtliche Behandlung<\/h3>\n\n\n\n<p class=\"has-text-align-left\">Beim Airsoft-Spielen muss eine Reihe von gesetzlichen Vorschriften beachtet werden. So steht zum Beispiel das unbefugte Betreten von Privatgel\u00e4nde als Hausfriedensbruch unter Strafe. Ebenso kann das Verschie\u00dfen der Kunststoffmunition nach Landes- und Kommunalrecht als Ordnungswidrigkeit geahndet werden. Weiter ist das \u00f6ffentliche F\u00fchren einer Softairwaffe verboten. F\u00fcr den Transport ist daher ein blickdichtes und vor fremden Zugriff gesichertes Beh\u00e4ltnis erforderlich.<\/p>\n<\/div>\n<\/div>\n\n\n\n<div style=\"height:var(--wp--preset--spacing--20)\" aria-hidden=\"true\" class=\"wp-block-spacer\"><\/div>\n<\/div>\n\n\n\n<div class=\"wp-block-group alignfull has-accent-5-background-color has-background has-global-padding is-layout-constrained wp-container-core-group-is-layout-490fa1db wp-block-group-is-layout-constrained\" style=\"padding-top:var(--wp--preset--spacing--50);padding-right:var(--wp--preset--spacing--50);padding-bottom:var(--wp--preset--spacing--50);padding-left:var(--wp--preset--spacing--50)\">\n<div class=\"wp-block-group has-global-padding is-layout-constrained wp-container-core-group-is-layout-650790e1 wp-block-group-is-layout-constrained\">\n<h1 class=\"wp-block-heading has-text-align-center has-x-large-font-size\">Teamplay, Fairness, Taktik, Spass<\/h1>\n\n\n\n<div style=\"height:1.25rem\" aria-hidden=\"true\" class=\"wp-block-spacer\"><\/div>\n<\/div>\n\n\n\n<figure class=\"wp-block-image alignwide size-full is-style-rounded is-style-rounded--2\"><img data-recalc-dims=\"1\" loading=\"lazy\" decoding=\"async\" width=\"24213\" height=\"7677\" data-attachment-id=\"7\" data-permalink=\"https:\/\/www.asc-skg.at\/logo1\/\" data-orig-file=\"https:\/\/i0.wp.com\/www.asc-skg.at\/wp-content\/uploads\/2024\/02\/Logo1.jpg?fit=24213%2C7677&amp;ssl=1\" data-orig-size=\"24213,7677\" data-comments-opened=\"1\" data-image-meta=\"{&quot;aperture&quot;:&quot;0&quot;,&quot;credit&quot;:&quot;&quot;,&quot;camera&quot;:&quot;&quot;,&quot;caption&quot;:&quot;&quot;,&quot;created_timestamp&quot;:&quot;0&quot;,&quot;copyright&quot;:&quot;&quot;,&quot;focal_length&quot;:&quot;0&quot;,&quot;iso&quot;:&quot;0&quot;,&quot;shutter_speed&quot;:&quot;0&quot;,&quot;title&quot;:&quot;&quot;,&quot;orientation&quot;:&quot;1&quot;}\" data-image-title=\"Logo1\" data-image-description=\"\" data-image-caption=\"\" data-medium-file=\"https:\/\/i0.wp.com\/www.asc-skg.at\/wp-content\/uploads\/2024\/02\/Logo1.jpg?fit=300%2C95&amp;ssl=1\" data-large-file=\"https:\/\/i0.wp.com\/www.asc-skg.at\/wp-content\/uploads\/2024\/02\/Logo1.jpg?fit=1024%2C325&amp;ssl=1\" src=\"https:\/\/i0.wp.com\/www.asc-skg.at\/wp-content\/uploads\/2024\/02\/Logo1.jpg?resize=24213%2C7677&#038;ssl=1\" alt=\"\" class=\"wp-image-7\"\/><\/figure>\n<\/div>\n\n\n\n<div class=\"wp-block-group alignfull has-global-padding is-layout-constrained wp-container-core-group-is-layout-d89aad35 wp-block-group-is-layout-constrained\" style=\"margin-top:0;margin-bottom:0;padding-top:var(--wp--preset--spacing--50);padding-right:var(--wp--preset--spacing--50);padding-bottom:var(--wp--preset--spacing--50);padding-left:var(--wp--preset--spacing--50)\">\n<div class=\"wp-block-group alignwide has-global-padding is-layout-constrained wp-container-core-group-is-layout-19e250f3 wp-block-group-is-layout-constrained\">\n<div class=\"wp-block-group is-vertical is-content-justification-center is-layout-flex wp-container-core-group-is-layout-6329a8f3 wp-block-group-is-layout-flex\">\n<h2 class=\"wp-block-heading has-text-align-center is-style-asterisk\">Eine Reihe von Spielmodi<\/h2>\n\n\n\n<p class=\"has-text-align-center\">Im Airsoft gibt es eine Reihe von unterschiedlichen Spielmodi, welche auch durch abwechslungsreiche Gel\u00e4nde, immer wieder zu neuen Herausforderungen f\u00fchren und f\u00fcr reichlich Abwechslung sorgen.<\/p>\n<\/div>\n\n\n\n<div style=\"height:64px\" aria-hidden=\"true\" class=\"wp-block-spacer\"><\/div>\n\n\n\n<div class=\"wp-block-columns alignwide is-layout-flex wp-container-core-columns-is-layout-d1c656ed wp-block-columns-is-layout-flex\">\n<div class=\"wp-block-column is-vertically-aligned-center is-layout-flow wp-block-column-is-layout-flow\" style=\"flex-basis:40%\">\n<h3 class=\"wp-block-heading is-style-asterisk\">Capture the Flag &#8211; CTF<\/h3>\n\n\n\n<p>CTF ist eine der \u00e4ltesten Spielvarianten und ist eben neben dem Airsoft auch fester Bestandteil beim Paintball oder diversen Computerspielen. Die Eroberung der gegnerischen Flagge ist hier das Ziel.<\/p>\n\n\n\n<h3 class=\"wp-block-heading is-style-asterisk\">Vietnam &#8211; VIE<\/h3>\n\n\n\n<p>Bei \u201eVietnam\u201c treten alle Spieler einzeln gegeneinander an. Wer eine BB abbekommt spielt an der Seite des Sch\u00fctzen weiter. Beendet wird Vietnam, wenn alle Spieler in einer Gruppe sind.<\/p>\n\n\n\n<h3 class=\"wp-block-heading is-style-asterisk\">King of the Hill \u2013 KOTH<\/h3>\n\n\n\n<p>Auch hier spielen 2 Gruppen gegeneinander. F\u00fcr dieses Spielszenario ben\u00f6tigt das Gel\u00e4nde eine Anh\u00f6he, befestigte Stellung oder \u00c4hnliches. Beide Teams starten aus unterschiedlichen Richtungen des Spielfeldes und haben das prim\u00e4re Ziel den H\u00fcgel oder die Stellung als erster einzunehmen und dort Stellung zu beziehen. Entweder wird zu Beginn eine Spieldauer vorgegeben und der Sieger ist dann das Team, welches nach Verstreichen der Zeit die Position besitzt oder welches Team eben am Ende noch Mitspieler enth\u00e4lt. Dieser Modus kann ebenso mittels gehisster Fahne gespielt werden. Ebenso ist es m\u00f6glich die Zeit zu messen. Das Team welches insgesamt am l\u00e4ngsten den H\u00fcgel halten konnte, gewinnt.<\/p>\n\n\n\n<h3 class=\"wp-block-heading is-style-asterisk\">Domination &#8211; DOM<\/h3>\n\n\n\n<p>Bei diesem Spielmodus ben\u00f6tigt man mehrere Punkte, am besten Flaggen  sowie zwei Startpunkte (HQ) f\u00fcr die jeweiligen Teams. Es ist nun das  Ziel so schnell als m\u00f6glich die Flaggenpunkte auf dem Spielfeld zu  suchen und die eigene Fahne zu hissen. Das Team das zum Schluss am  meisten Flaggenpunkte erobern konnte, gewinnt. Spieler die getroffen  wurden, d\u00fcrfen bei einer Fahne, welche nicht gerade durch Gegner besetzt  oder umk\u00e4mpft wird, nach einer vorher bestimmten Zeit erneut ins Spiel  einsteigen. Dieser Variante kann ebenso mit einem \u201eMedic\u201c gespielt  werden. Es ist jedoch nur einmal m\u00f6glich von einem Medic vor Ort geheilt  zu werden. Wird man anschlie\u00dfend nochmal getroffen, muss man zur\u00fcck zum  HQ und von dort aus in das Spiel einsteigen.<\/p>\n<\/div>\n\n\n\n<div class=\"wp-block-column is-vertically-aligned-center is-layout-flow wp-block-column-is-layout-flow\" style=\"flex-basis:40%\">\n<h3 class=\"wp-block-heading is-style-asterisk\">Team Deathmatch &#8211; TDM<\/h3>\n\n\n\n<p>Das Deathmatch ist eines der trivialsten Arten ein Airsoft Spiel zu begehen. Zwei Gruppen treffen auf dem Spielgel\u00e4nde aufeinander und versuchen sich gegenseitig durch Treffer aus dem Spiel zu werfen. Gewinner ist das Team mit den letzten \u201e\u00dcberlebenden\u201c.<\/p>\n\n\n\n<h3 class=\"wp-block-heading is-style-asterisk\">Defuse the Bomb &#8211; DTB<\/h3>\n\n\n\n<p>Es wird irgendwo am Spielfeld eine Airsoft Bombe (Attrappe) aufgestellt. F\u00fcr ein Team hei\u00dft es diese zu finden und zu aktivieren, w\u00e4hrend das andere Team die Bombe deaktivieren bzw. entsch\u00e4rfen muss. Kann auch ohne suchen und aktivieren gespielt werden. Dann verteidigte ein Team die Bombe, w\u00e4hrend das gegnerische in einer vorher bestimmten Zeitdauer versucht diese zu \u201eentsch\u00e4rfen\u201c.<\/p>\n\n\n\n<h3 class=\"wp-block-heading is-style-asterisk\">Rush &#8211; RUS<\/h3>\n\n\n\n<p>Es gibt wieder zwei Teams welche fair aufgeteilt werden. Weiters sind am Spielfeld mehrere Fahnen mit der ein und selben Flaggenfarbe beh\u00e4ngt (zB. ROT). Das zweite Team (BLAU) muss nun versuchen eine Fahne nach der anderen so schnell als m\u00f6glich zu erobern, indem sie die Gegnerische Fahne abnehmen und die eigenen hissen. Es ist allen Spielern erlaubt dort erneut ins zu gehen, wo eine Fahne der eigenen Farbe gehisst wurde. Es ist dem verteidigenden Team nicht erlaubt die Fahnen der Angreifer abzunehmen und durch ihre eigenen zu ersetzen. Abschlie\u00dfend kann man zB. noch einen Spielmodus wie \u201eDTB\u201c anh\u00e4ngen.<\/p>\n\n\n\n<h3 class=\"wp-block-heading is-style-asterisk\">Last Man Standing &#8211; LMS<\/h3>\n\n\n\n<p>Im Prinzip auch ein Deathmatch, allerdings nicht auf Team- sondern auf Einzelspielebene. Jeder tritt gegen jeden an und der Sieger ist Derjenige, der sich am besten von herumfliegenden BBs gesch\u00fctzt hat.<\/p>\n<\/div>\n<\/div>\n\n\n\n<div style=\"height:var(--wp--preset--spacing--40)\" aria-hidden=\"true\" class=\"wp-block-spacer\"><\/div>\n<\/div>\n<\/div>\n\n\n\n<div class=\"wp-block-group alignfull has-contrast-background-color has-background has-global-padding is-layout-constrained wp-container-core-group-is-layout-d89aad35 wp-block-group-is-layout-constrained\" style=\"margin-top:0;margin-bottom:0;padding-top:var(--wp--preset--spacing--50);padding-right:var(--wp--preset--spacing--50);padding-bottom:var(--wp--preset--spacing--50);padding-left:var(--wp--preset--spacing--50)\">\n<div class=\"wp-block-group alignwide has-base-2-background-color has-background has-global-padding is-layout-constrained wp-container-core-group-is-layout-39412042 wp-block-group-is-layout-constrained\" style=\"border-radius:16px;padding-top:var(--wp--preset--spacing--40);padding-right:var(--wp--preset--spacing--50);padding-bottom:var(--wp--preset--spacing--40);padding-left:var(--wp--preset--spacing--50)\">\n<div style=\"height:var(--wp--preset--spacing--10)\" aria-hidden=\"true\" class=\"wp-block-spacer\"><\/div>\n\n\n\n<h2 class=\"wp-block-heading has-text-align-center has-x-large-font-size\">Interesse geweckt?<\/h2>\n\n\n\n<p class=\"has-text-align-center\">Du hast lust bekommen dich unserem Verein anzuschlie\u00dfen und mit uns zu jede Menge tolle Spiele und Events zu fahren?<\/p>\n\n\n\n<div class=\"wp-block-buttons is-content-justification-center is-layout-flex wp-container-core-buttons-is-layout-a89b3969 wp-block-buttons-is-layout-flex\">\n<div class=\"wp-block-button\"><a class=\"wp-block-button__link wp-element-button\">Kontakt<\/a><\/div>\n<\/div>\n\n\n\n<div style=\"height:var(--wp--preset--spacing--10)\" aria-hidden=\"true\" class=\"wp-block-spacer\"><\/div>\n<\/div>\n<\/div>\n","protected":false},"excerpt":{"rendered":"<p>Airsoft ist ein Gel\u00e4ndespiel, bei dem mit Softair-Sportger\u00e4ten ausger\u00fcstete Teams gegeneinander antreten. Das Spielprinzip \u00e4hnelt dem von Paintball.. Fit zu sein ist kein Ziel, es ist eine Lebenshaltung Die Sportger\u00e4te Eine Softair oder Airsoft ist ein spezielles Druckluftsportger\u00e4t, die beim taktischen Gel\u00e4ndespiel Airsoft benutzt wird. Es gibt ebenfalls Disziplinen im IPSC-Sportschie\u00dfen, die mit Softairkurzwaffen durchgef\u00fchrt [&hellip;]<\/p>\n","protected":false},"author":1,"featured_media":0,"parent":0,"menu_order":0,"comment_status":"closed","ping_status":"closed","template":"","meta":{"footnotes":""},"class_list":["post-239","page","type-page","status-publish","hentry"],"_links":{"self":[{"href":"https:\/\/www.asc-skg.at\/index.php\/wp-json\/wp\/v2\/pages\/239","targetHints":{"allow":["GET"]}}],"collection":[{"href":"https:\/\/www.asc-skg.at\/index.php\/wp-json\/wp\/v2\/pages"}],"about":[{"href":"https:\/\/www.asc-skg.at\/index.php\/wp-json\/wp\/v2\/types\/page"}],"author":[{"embeddable":true,"href":"https:\/\/www.asc-skg.at\/index.php\/wp-json\/wp\/v2\/users\/1"}],"replies":[{"embeddable":true,"href":"https:\/\/www.asc-skg.at\/index.php\/wp-json\/wp\/v2\/comments?post=239"}],"version-history":[{"count":4,"href":"https:\/\/www.asc-skg.at\/index.php\/wp-json\/wp\/v2\/pages\/239\/revisions"}],"predecessor-version":[{"id":311,"href":"https:\/\/www.asc-skg.at\/index.php\/wp-json\/wp\/v2\/pages\/239\/revisions\/311"}],"wp:attachment":[{"href":"https:\/\/www.asc-skg.at\/index.php\/wp-json\/wp\/v2\/media?parent=239"}],"curies":[{"name":"wp","href":"https:\/\/api.w.org\/{rel}","templated":true}]}}